{"id":10,"date":"2023-06-14T08:30:59","date_gmt":"2023-06-14T08:30:59","guid":{"rendered":"http:\/\/www.reptiiis.fi\/?page_id=10"},"modified":"2023-10-16T11:14:01","modified_gmt":"2023-10-16T11:14:01","slug":"kuka-mina-olen","status":"publish","type":"page","link":"https:\/\/www.reptiiis.fi\/","title":{"rendered":"Kuka min\u00e4 olen?"},"content":{"rendered":"\n<figure class=\"wp-block-image size-large\"><img loading=\"lazy\" decoding=\"async\" width=\"1024\" height=\"683\" src=\"https:\/\/www.reptiiis.fi\/wp-content\/uploads\/2023\/10\/kuva-2-1-1024x683.jpg\" alt=\"\" class=\"wp-image-85\" srcset=\"https:\/\/www.reptiiis.fi\/wp-content\/uploads\/2023\/10\/kuva-2-1-1024x683.jpg 1024w, https:\/\/www.reptiiis.fi\/wp-content\/uploads\/2023\/10\/kuva-2-1-300x200.jpg 300w, https:\/\/www.reptiiis.fi\/wp-content\/uploads\/2023\/10\/kuva-2-1-768x512.jpg 768w\" sizes=\"(max-width: 1024px) 100vw, 1024px\" \/><\/figure>\n\n\n\n<p class=\"has-dark-gray-color has-medium-orange-background-color has-text-color has-background has-large-font-size\"><strong>Heippa!<\/strong> <\/p>\n\n\n\n<p class=\"has-light-orange-background-color has-background\"><em>Olen 30-vuotias perheen\u00e4iti Savon syd\u00e4mest\u00e4 Kuopiosta. Minulla on kaksi lasta (joo, poikia molemmat), 9-vuotias ja 1-vuotias, hehe, taapero parhaassa i\u00e4ss\u00e4. Minulla on my\u00f6s ihana aviomies, lemmikkej\u00e4 ei toistaiseksi viel\u00e4. Olen opiskellut It\u00e4-Suomen yliopistossa ymp\u00e4rist\u00f6tieteit\u00e4 vuosina 2014-2020  valmistuen luonnontieteiden kandidaatiksi vuonna 2018 ja filosofian maisteriksi 2020. T\u00e4t\u00e4 nyky\u00e4 olen ty\u00f6el\u00e4m\u00e4ss\u00e4 ymp\u00e4rist\u00f6viranomaisena ja sivuharrastuksena teen verkostomarkkinointia suomalaisen Arctic Nutrition yhti\u00f6n alla. <\/em><\/p>\n\n\n\n<p class=\"has-yellow-background-color has-background\"><em>Harrastelen liikkumista sek\u00e4 crossfit-tunneilla k\u00e4yden, uiden, kuntosalilla, hiiht\u00e4en, vaeltaen ja niin edelleen. Olen entinen kilpaurheilija maastohiihdon parissa, mutta se kilpailu on j\u00e4\u00e4nyt jo yli 10 vuotta sitten, joten en\u00e4\u00e4 t\u00e4m\u00e4 eteneminen on sellaista sunnuntaihoppailua. Lis\u00e4ksi tykk\u00e4\u00e4n lukea paljon kirjoja ja neuloa, sek\u00e4 ommella erin\u00e4isi\u00e4 juttuja. Olen aina rakastanut kirjoittamista, eniten olen kirjoittanut omasta el\u00e4m\u00e4st\u00e4ni p\u00e4iv\u00e4kirjaan, muistan kyll\u00e4 lapsena joskus haaveilleeni kirjailijan urasta, kun kirjoittelin jotain lyhyit\u00e4 itse keksittyj\u00e4 satuja paperille. No, ei minusta kirjailijaa tullut, mutta nyt ajattelin hy\u00f6dynt\u00e4\u00e4 t\u00e4t\u00e4 kirjoitusharrastustani n\u00e4in blogin parissa ja jakaa ajatuksiani my\u00f6s t\u00e4ll\u00e4 tavalla. <\/em><\/p>\n\n\n\n<p class=\"has-light-brown-background-color has-background\" style=\"font-size:15px\"><em>Olen sairastunut  masennukseen jossain vuoden 2009 tienoilla, kun olen ollut teini-ik\u00e4inen. Apua mielenterveyteeni olen saanut vasta vuonna 2020 ja silloin my\u00f6s diagnoosini. <\/em><\/p>\n","protected":false},"excerpt":{"rendered":"<p>Heippa! Olen 30-vuotias perheen\u00e4iti Savon syd\u00e4mest\u00e4 Kuopiosta. Minulla on kaksi lasta (joo, poikia molemmat), 9-vuotias ja 1-vuotias, hehe, taapero parhaassa i\u00e4ss\u00e4. Minulla on my\u00f6s ihana aviomies, lemmikkej\u00e4 ei toistaiseksi viel\u00e4. Olen opiskellut It\u00e4-Suomen yliopistossa ymp\u00e4rist\u00f6tieteit\u00e4 vuosina 2014-2020 valmistuen luonnontieteiden kandidaatiksi vuonna 2018 ja filosofian maisteriksi 2020. T\u00e4t\u00e4 nyky\u00e4 olen ty\u00f6el\u00e4m\u00e4ss\u00e4 ymp\u00e4rist\u00f6viranomaisena ja sivuharrastuksena teen verkostomarkkinointia&#8230;<\/p>\n","protected":false},"author":1,"featured_media":0,"parent":0,"menu_order":1,"comment_status":"closed","ping_status":"closed","template":"","meta":{"footnotes":""},"_links":{"self":[{"href":"https:\/\/www.reptiiis.fi\/index.php\/wp-json\/wp\/v2\/pages\/10"}],"collection":[{"href":"https:\/\/www.reptiiis.fi\/index.php\/wp-json\/wp\/v2\/pages"}],"about":[{"href":"https:\/\/www.reptiiis.fi\/index.php\/wp-json\/wp\/v2\/types\/page"}],"author":[{"embeddable":true,"href":"https:\/\/www.reptiiis.fi\/index.php\/wp-json\/wp\/v2\/users\/1"}],"replies":[{"embeddable":true,"href":"https:\/\/www.reptiiis.fi\/index.php\/wp-json\/wp\/v2\/comments?post=10"}],"version-history":[{"count":5,"href":"https:\/\/www.reptiiis.fi\/index.php\/wp-json\/wp\/v2\/pages\/10\/revisions"}],"predecessor-version":[{"id":130,"href":"https:\/\/www.reptiiis.fi\/index.php\/wp-json\/wp\/v2\/pages\/10\/revisions\/130"}],"wp:attachment":[{"href":"https:\/\/www.reptiiis.fi\/index.php\/wp-json\/wp\/v2\/media?parent=10"}],"curies":[{"name":"wp","href":"https:\/\/api.w.org\/{rel}","templated":true}]}}