{"id":11,"date":"2023-06-14T08:30:59","date_gmt":"2023-06-14T08:30:59","guid":{"rendered":"http:\/\/www.reptiiis.fi\/?page_id=11"},"modified":"2023-10-12T17:41:54","modified_gmt":"2023-10-12T17:41:54","slug":"kirjoituksia","status":"publish","type":"page","link":"https:\/\/www.reptiiis.fi\/index.php\/kirjoituksia\/","title":{"rendered":"Arctic Nutrition"},"content":{"rendered":"\n<p class=\"has-background\" style=\"background-color:#edcccc\">Flow-tuotteet: N\u00e4m\u00e4 ihanuudet ovat kolmivaikutteisia <em>terveellisi\u00e4<\/em> energiajuomia, joita voi juoda eritt\u00e4in hyv\u00e4ll\u00e4 omalla tunnolla ilman huolta huomisesta. <\/p>\n\n\n\n<figure class=\"wp-block-image is-style-default\"><img decoding=\"async\" src=\"https:\/\/www.reptiiis.fi\/wp-content\/uploads\/2023\/10\/Tyrni-mainos-1024x713.jpg\" alt=\"\"\/><\/figure>\n\n\n\n<p class=\"has-background\" style=\"background-color:#f1f1f1\">Ajattelin nyt kertoa omia kokemuksiani flow:sta, mit\u00e4 hy\u00f6tyj\u00e4 olen sen avulla huomannut ja miksi kaikkien tulisi v\u00e4hint\u00e4\u00e4kin kokeilla tuotetta, miksei my\u00f6s t\u00e4ysin ihastua siihen kuten min\u00e4 ja moni moni muu! <\/p>\n\n\n\n<p class=\"has-background\" style=\"background-color:#fbf5cf\">Min\u00e4 aloitin Flow-tuotteiden k\u00e4yt\u00f6n huhtikuussa 2022, kun olin vanhempainvapaalla meid\u00e4n pienimm\u00e4isen kanssa. Huomasin hyvinkin nopeasti aloituksen j\u00e4lkeen, miten ns. aivosumu eli \u00e4itiaivot \ud83d\ude00 h\u00e4visi ja ajatus alkoi kulkea huomattavasti kirkkaammin. T\u00e4st\u00e4 efektist\u00e4 olin heti ett\u00e4 wow! Sen lis\u00e4ksi, ett\u00e4 tykk\u00e4sin tuotteen mausta ja ajatuksesta, ett\u00e4 t\u00e4m\u00e4 on oikeasti, tieteellisesti tutkitusti terveellist\u00e4 ja hyv\u00e4\u00e4 ravintoa keholleni. Pidemm\u00e4n k\u00e4yt\u00f6n j\u00e4lkeen aloin huomaamaan mm. seuraavia vaikutuksia: <\/p>\n\n\n\n<ul class=\"has-background\" style=\"background-color:#ddf3f7\">\n<li>hiukset vahvistuivat ja ovat hyvinvoivammat, kasvavat nopeasti, eik\u00e4 latvat ole kuivaa ja katkeilevaa kaksihaaraista t\u00e4ynn\u00e4<\/li>\n\n\n\n<li>kynnet ovat vahvat ja terveet<\/li>\n\n\n\n<li>iho ei kuivu niin paljon ja rasvauksen tarve v\u00e4hentynyt (vaikka kuivuu edelleen ja rasvausta tarvitsee, koska eritt\u00e4in kuiva korppuiho)<\/li>\n\n\n\n<li>veriarvot parantuneet -&gt; itsell\u00e4ni sokeri- ja kolesteroliarvot olivat pieless\u00e4 synnytyksen j\u00e4lkitarkastuksessa (eli 8 vko synnytyksen j\u00e4lkeen), mutta t\u00e4st\u00e4 vuosi eteenp\u00e4in olivat t\u00e4ysin kohdillaan, vaikka ruokavaliossani en ollut tehnyt muutosta, vain arcticin tuotteet olivat tulleet k\u00e4ytt\u00f6\u00f6n &lt;3 <\/li>\n<\/ul>\n\n\n\n<p class=\"has-background\" style=\"background-color:#f77d7d\">Jaksamiseen ja energiaboostiin en nyt ota sen suuremmin kantaa, vaikka tuotteella on tutkitusti pirist\u00e4v\u00e4 vaikutus, sill\u00e4 itsell\u00e4ni on runsasta v\u00e4symyst\u00e4 aiheuttava terveyshaitta, joten oman kokemuksen kautta t\u00e4t\u00e4 on vaikea arvioida. <\/p>\n\n\n\n<figure class=\"wp-block-gallery has-nested-images columns-default is-cropped wp-block-gallery-1 is-layout-flex wp-block-gallery-is-layout-flex\">\n<figure class=\"wp-block-image size-large\"><img loading=\"lazy\" decoding=\"async\" width=\"1024\" height=\"1024\" data-id=\"59\" src=\"https:\/\/www.reptiiis.fi\/wp-content\/uploads\/2023\/10\/flow_lingonberry-1024x1024.jpg\" alt=\"\" class=\"wp-image-59\" srcset=\"https:\/\/www.reptiiis.fi\/wp-content\/uploads\/2023\/10\/flow_lingonberry-1024x1024.jpg 1024w, https:\/\/www.reptiiis.fi\/wp-content\/uploads\/2023\/10\/flow_lingonberry-300x300.jpg 300w, https:\/\/www.reptiiis.fi\/wp-content\/uploads\/2023\/10\/flow_lingonberry-150x150.jpg 150w, https:\/\/www.reptiiis.fi\/wp-content\/uploads\/2023\/10\/flow_lingonberry-768x768.jpg 768w, https:\/\/www.reptiiis.fi\/wp-content\/uploads\/2023\/10\/flow_lingonberry.jpg 1080w\" sizes=\"(max-width: 1024px) 100vw, 1024px\" \/><\/figure>\n\n\n\n<figure class=\"wp-block-image size-large\"><img loading=\"lazy\" decoding=\"async\" width=\"1024\" height=\"1024\" data-id=\"61\" src=\"https:\/\/www.reptiiis.fi\/wp-content\/uploads\/2023\/10\/flow_bilberry-1024x1024.jpg\" alt=\"\" class=\"wp-image-61\" srcset=\"https:\/\/www.reptiiis.fi\/wp-content\/uploads\/2023\/10\/flow_bilberry-1024x1024.jpg 1024w, https:\/\/www.reptiiis.fi\/wp-content\/uploads\/2023\/10\/flow_bilberry-300x300.jpg 300w, https:\/\/www.reptiiis.fi\/wp-content\/uploads\/2023\/10\/flow_bilberry-150x150.jpg 150w, https:\/\/www.reptiiis.fi\/wp-content\/uploads\/2023\/10\/flow_bilberry-768x768.jpg 768w, https:\/\/www.reptiiis.fi\/wp-content\/uploads\/2023\/10\/flow_bilberry.jpg 1080w\" sizes=\"(max-width: 1024px) 100vw, 1024px\" \/><\/figure>\n\n\n\n<figure class=\"wp-block-image size-large\"><img loading=\"lazy\" decoding=\"async\" width=\"1024\" height=\"1024\" data-id=\"62\" src=\"https:\/\/www.reptiiis.fi\/wp-content\/uploads\/2023\/10\/image.jpeg\" alt=\"\" class=\"wp-image-62\" srcset=\"https:\/\/www.reptiiis.fi\/wp-content\/uploads\/2023\/10\/image.jpeg 1024w, https:\/\/www.reptiiis.fi\/wp-content\/uploads\/2023\/10\/image-300x300.jpeg 300w, https:\/\/www.reptiiis.fi\/wp-content\/uploads\/2023\/10\/image-150x150.jpeg 150w, https:\/\/www.reptiiis.fi\/wp-content\/uploads\/2023\/10\/image-768x768.jpeg 768w\" sizes=\"(max-width: 1024px) 100vw, 1024px\" \/><\/figure>\n<\/figure>\n\n\n\n<p class=\"has-text-align-left has-background\" style=\"background-color:#a58ae1\">Joka tapauksessa tuote on ihana ja jokap\u00e4iv\u00e4isess\u00e4 k\u00e4yt\u00f6ss\u00e4, enk\u00e4 aio luopua siit\u00e4! T\u00e4st\u00e4 l\u00f6ytyy my\u00f6s kolme ihanaa makua: puolukka, tyrni ja mustikka. \ud83d\ude42 <\/p>\n\n\n\n<div class=\"wp-block-buttons is-layout-flex wp-block-buttons-is-layout-flex\">\n<div class=\"wp-block-button\"><a class=\"wp-block-button__link wp-element-button\" href=\"https:\/\/arcticnutrition.com\/ref\/VZ788P\">Tilaa t\u00e4st\u00e4 oma flow!<\/a><\/div>\n<\/div>\n","protected":false},"excerpt":{"rendered":"<p>Flow-tuotteet: N\u00e4m\u00e4 ihanuudet ovat kolmivaikutteisia terveellisi\u00e4 energiajuomia, joita voi juoda eritt\u00e4in hyv\u00e4ll\u00e4 omalla tunnolla ilman huolta huomisesta. Ajattelin nyt kertoa omia kokemuksiani flow:sta, mit\u00e4 hy\u00f6tyj\u00e4 olen sen avulla huomannut ja miksi kaikkien tulisi v\u00e4hint\u00e4\u00e4kin kokeilla tuotetta, miksei my\u00f6s t\u00e4ysin ihastua siihen kuten min\u00e4 ja moni moni muu! Min\u00e4 aloitin Flow-tuotteiden k\u00e4yt\u00f6n huhtikuussa 2022, kun olin&#8230;<\/p>\n","protected":false},"author":1,"featured_media":0,"parent":0,"menu_order":3,"comment_status":"open","ping_status":"closed","template":"","meta":{"footnotes":""},"_links":{"self":[{"href":"https:\/\/www.reptiiis.fi\/index.php\/wp-json\/wp\/v2\/pages\/11"}],"collection":[{"href":"https:\/\/www.reptiiis.fi\/index.php\/wp-json\/wp\/v2\/pages"}],"about":[{"href":"https:\/\/www.reptiiis.fi\/index.php\/wp-json\/wp\/v2\/types\/page"}],"author":[{"embeddable":true,"href":"https:\/\/www.reptiiis.fi\/index.php\/wp-json\/wp\/v2\/users\/1"}],"replies":[{"embeddable":true,"href":"https:\/\/www.reptiiis.fi\/index.php\/wp-json\/wp\/v2\/comments?post=11"}],"version-history":[{"count":7,"href":"https:\/\/www.reptiiis.fi\/index.php\/wp-json\/wp\/v2\/pages\/11\/revisions"}],"predecessor-version":[{"id":67,"href":"https:\/\/www.reptiiis.fi\/index.php\/wp-json\/wp\/v2\/pages\/11\/revisions\/67"}],"wp:attachment":[{"href":"https:\/\/www.reptiiis.fi\/index.php\/wp-json\/wp\/v2\/media?parent=11"}],"curies":[{"name":"wp","href":"https:\/\/api.w.org\/{rel}","templated":true}]}}